{"id":512,"date":"2025-09-19T20:13:40","date_gmt":"2025-09-19T18:13:40","guid":{"rendered":"https:\/\/aluminij-gradjenje.hr\/?page_id=512"},"modified":"2025-09-29T18:39:08","modified_gmt":"2025-09-29T16:39:08","slug":"aws-75-pd-si","status":"publish","type":"page","link":"https:\/\/aluminij-gradjenje.hr\/index.php\/aws-75-pd-si\/","title":{"rendered":"AWS 75 PD.SI"},"content":{"rendered":"<div id=\"tdi_1\" class=\"tdc-zone\"><div class=\"tdc_zone tdi_2  wpb_row td-pb-row\"  >\n<style scoped>\n\/* custom css - generated by TagDiv Composer *\/\n\n\/* custom css - generated by TagDiv Composer *\/\n.tdi_2{\r\n                    min-height: 0;\r\n                }\n<\/style><div id=\"tdi_3\" class=\"tdc-row\"><div class=\"vc_row tdi_4  wpb_row td-pb-row\" >\n<style scoped>\n\/* custom css - generated by TagDiv Composer *\/\n\n\/* custom css - generated by TagDiv Composer *\/\n.tdi_4,\r\n                .tdi_4 .tdc-columns{\r\n                    min-height: 0;\r\n                }.tdi_4,\r\n\t\t\t\t.tdi_4 .tdc-columns{\r\n\t\t\t\t    display: block;\r\n\t\t\t\t}.tdi_4 .tdc-columns{\r\n\t\t\t\t    width: 100%;\r\n\t\t\t\t}.tdi_4:before,\r\n\t\t\t\t.tdi_4:after{\r\n\t\t\t\t    display: table;\r\n\t\t\t\t}\n<\/style><div class=\"vc_column tdi_6  wpb_column vc_column_container tdc-column td-pb-span12\">\n<style scoped>\n\/* custom css - generated by TagDiv Composer *\/\n\n\/* custom css - generated by TagDiv Composer *\/\n.tdi_6{\r\n                    vertical-align: baseline;\r\n                }.tdi_6 > .wpb_wrapper,\r\n\t\t\t\t.tdi_6 > .wpb_wrapper > .tdc-elements{\r\n\t\t\t\t    display: block;\r\n\t\t\t\t}.tdi_6 > .wpb_wrapper > .tdc-elements{\r\n\t\t\t\t    width: 100%;\r\n\t\t\t\t}.tdi_6 > .wpb_wrapper > .vc_row_inner{\r\n\t\t\t\t    width: auto;\r\n\t\t\t\t}.tdi_6 > .wpb_wrapper{\r\n\t\t\t\t    width: auto;\r\n\t\t\t\t    height: auto;\r\n\t\t\t\t}\n<\/style><div class=\"wpb_wrapper\" ><div class=\"wpb_wrapper td_block_empty_space td_block_wrap vc_empty_space tdi_8 \"  style=\"height: 52px\"><\/div><\/div><\/div><\/div><\/div><div id=\"tdi_9\" class=\"tdc-row stretch_row\"><div class=\"vc_row tdi_10  wpb_row td-pb-row tdc-element-style\" >\n<style scoped>\n\/* custom css - generated by TagDiv Composer *\/\n\n\/* custom css - generated by TagDiv Composer *\/\n.tdi_10,\r\n                .tdi_10 .tdc-columns{\r\n                    min-height: 0;\r\n                }.tdi_10,\r\n\t\t\t\t.tdi_10 .tdc-columns{\r\n\t\t\t\t    display: block;\r\n\t\t\t\t}.tdi_10 .tdc-columns{\r\n\t\t\t\t    width: 100%;\r\n\t\t\t\t}.tdi_10:before,\r\n\t\t\t\t.tdi_10:after{\r\n\t\t\t\t    display: table;\r\n\t\t\t\t}\n\/* inline tdc_css att - generated by TagDiv Composer *\/\n\n.tdi_10{\npadding-top:80px !important;\nposition:relative;\n}\n\n.tdi_10 .td_block_wrap{ text-align:left }\n\n\/* portrait *\/\n@media (min-width: 768px) and (max-width: 1018px)\n{\n.tdi_10{\npadding-top:40px !important;\n}\n}\n\n\/* landscape *\/\n@media (min-width: 1019px) and (max-width: 1140px)\n{\n.tdi_10{\npadding-top:60px !important;\n}\n}\n\n\/* phone *\/\n@media (max-width: 767px)\n{\n.tdi_10{\npadding-top:0px !important;\npadding-bottom:40px !important;\n}\n}\n\n<\/style>\n<div class=\"tdi_9_rand_style td-element-style\" ><style>\n\/* custom css - generated by TagDiv Composer *\/\n\n.tdi_9_rand_style{\nbackground-color:#f4f5f7 !important;\n}\n <\/style><\/div><div class=\"vc_column tdi_12  wpb_column vc_column_container tdc-column td-pb-span6\">\n<style scoped>\n\/* custom css - generated by TagDiv Composer *\/\n\n\/* custom css - generated by TagDiv Composer *\/\n.tdi_12{\r\n                    vertical-align: baseline;\r\n                }.tdi_12 > .wpb_wrapper,\r\n\t\t\t\t.tdi_12 > .wpb_wrapper > .tdc-elements{\r\n\t\t\t\t    display: block;\r\n\t\t\t\t}.tdi_12 > .wpb_wrapper > .tdc-elements{\r\n\t\t\t\t    width: 100%;\r\n\t\t\t\t}.tdi_12 > .wpb_wrapper > .vc_row_inner{\r\n\t\t\t\t    width: auto;\r\n\t\t\t\t}.tdi_12 > .wpb_wrapper{\r\n\t\t\t\t    width: auto;\r\n\t\t\t\t    height: auto;\r\n\t\t\t\t}\n<\/style><div class=\"wpb_wrapper\" ><div class=\"vc_row_inner tdi_14  vc_row vc_inner wpb_row td-pb-row\" >\n<style scoped>\n\/* custom css - generated by TagDiv Composer *\/\n\n\/* custom css - generated by TagDiv Composer *\/\n.tdi_14{\r\n                    position: relative !important;\r\n                    top: 0;\r\n                    transform: none;\r\n                    -webkit-transform: none;\r\n                }.tdi_14,\r\n\t\t\t\t.tdi_14 .tdc-inner-columns{\r\n\t\t\t\t    display: block;\r\n\t\t\t\t}.tdi_14 .tdc-inner-columns{\r\n\t\t\t\t    width: 100%;\r\n\t\t\t\t}\n<\/style><div class=\"vc_column_inner tdi_16  wpb_column vc_column_container tdc-inner-column td-pb-span12\">\n<style scoped>\n\/* custom css - generated by TagDiv Composer *\/\n\n\/* custom css - generated by TagDiv Composer *\/\n.tdi_16{\r\n                    vertical-align: baseline;\r\n                }.tdi_16 .vc_column-inner > .wpb_wrapper,\r\n\t\t\t\t.tdi_16 .vc_column-inner > .wpb_wrapper .tdc-elements{\r\n\t\t\t\t    display: block;\r\n\t\t\t\t}.tdi_16 .vc_column-inner > .wpb_wrapper .tdc-elements{\r\n\t\t\t\t    width: 100%;\r\n\t\t\t\t}\n<\/style><div class=\"vc_column-inner\"><div class=\"wpb_wrapper\" ><div class=\"tdm_block td_block_wrap tdm_block_column_title tdi_17 tdm-content-horiz-left td-pb-border-top td_block_template_1\"  data-td-block-uid=\"tdi_17\" >\n<style>\n\n\/* inline tdc_css att - generated by TagDiv Composer *\/\n\n.tdi_17{\nmargin-bottom:20px !important;\n}\n\n\/* portrait *\/\n@media (min-width: 768px) and (max-width: 1018px)\n{\n.tdi_17{\nmargin-bottom:5px !important;\n}\n}\n\n\/* landscape *\/\n@media (min-width: 1019px) and (max-width: 1140px)\n{\n.tdi_17{\nmargin-bottom:10px !important;\n}\n}\n\n\/* phone *\/\n@media (max-width: 767px)\n{\n.tdi_17{\nmargin-top:20px !important;\n}\n}\n\n<\/style>\n<style>\n\/* custom css - generated by TagDiv Composer *\/\n.tdm_block_column_title{\r\n                  margin-bottom: 0;\r\n                  display: inline-block;\r\n                  width: 100%;\r\n                }\n<\/style><div class=\"td-block-row\"><div class=\"td-block-span12 tdm-col\">\n<style>\n\/* custom css - generated by TagDiv Composer *\/\n.tdi_18 .tdm-title{\r\n\t\t\t\t\tfont-family:Abel !important;font-size:30px !important;line-height:1.2 !important;font-weight:400 !important;text-transform:uppercase !important;letter-spacing:0.5px !important;\r\n\t\t\t\t}\n\n\/* landscape *\/\n@media (min-width: 1019px) and (max-width: 1140px){\n.tdi_18 .tdm-title{\r\n\t\t\t\t\tfont-size:26px !important;\r\n\t\t\t\t}\n}\n\n\/* portrait *\/\n@media (min-width: 768px) and (max-width: 1018px){\n.tdi_18 .tdm-title{\r\n\t\t\t\t\tfont-size:22px !important;\r\n\t\t\t\t}\n}\n<\/style><div class=\"tds-title tds-title1 td-fix-index tdi_18 \"><h3 class=\"tdm-title tdm-title-sm\">Sch\u00fcco AWS 75 PD.SI<\/h3><\/div><\/div><\/div><\/div><\/div><\/div><\/div><\/div><div class=\"td_block_wrap td_block_text_with_title tdi_19 tagdiv-type td-pb-border-top td_block_template_1\"  data-td-block-uid=\"tdi_19\" >\n<style>\n\/* custom css - generated by TagDiv Composer *\/\n.td_block_text_with_title{\r\n                  margin-bottom: 44px;\r\n                  -webkit-transform: translateZ(0);\r\n                  transform: translateZ(0);\r\n                }.td_block_text_with_title p:last-child{\r\n                  margin-bottom: 0;\r\n                }.tdi_19,\r\n                .tdi_19 p{\r\n\t\t\t        font-family:Barlow Condensed !important;\r\n\t\t        }.tdi_19 h6{\r\n\t\t\t        font-family:Barlow Condensed !important;font-size:18px !important;\r\n\t\t        }\n<\/style><div class=\"td-block-title-wrap\"><\/div><div class=\"td_mod_wrap td-fix-index\"><div class=\"et_pb_module et_pb_text et_pb_text_0 et_pb_text_align_left et_pb_bg_layout_light\">\n<div class=\"et_pb_text_inner\">\nUz energetsku u\u010dinkovitost, besprijekorna integracija oblika i funkcije danas je temeljni zahtjev za stvaranje modernih ovojnica zgrada. Sa Sch\u00fcco AWS 75 PD.SI (Panorama Design Super Insulation) prozorom, Sch\u00fcco sada nudi jedinicu za otvaranje koja savr\u0161eno ispunjava ove arhitektonske zahtjeve, s minimalnom unutarnjom i vanjskom \u0161irinom lica i izvrsnom toplinskom izolacijom.<\/p>\n<p>Zna\u010dajke sustava koje su savr\u0161eno prilago\u0111ene jedna drugoj slu\u017ee kao osnova za to. To uklju\u010duje ugradbeni izgled ventilacijskog profila s unutarnje strane, minimalne vidne linije brtve, maksimalnu transparentnost s naju\u017eom unutarnjom i vanjskom \u0161irinom lica, kao i uskla\u0111ene \u0161irine lica u fiksnoj jedinici svjetla i otvaranja za ujedna\u010den izgled okvira. Skrivena drena\u017ea i \u010dist jezik dizajna zahvaljuju\u0107i uskim radijusima profila upotpunjuju pionirski dizajn prozorskog sustava.<\/p>\n<p>\u00a0\n<\/p><\/div>\n<\/div>\n<\/div><\/div><div class=\"tdm_block td_block_wrap tdm_block_button tdi_20 tdm-content-horiz-left td-pb-border-top td_block_template_1\"  data-td-block-uid=\"tdi_20\"     >\n<style>\n\n\/* inline tdc_css att - generated by TagDiv Composer *\/\n\n.tdi_20{\nmargin-bottom:8px !important;\n}\n\n\/* phone *\/\n@media (max-width: 767px)\n{\n.tdi_20{\nmargin-bottom:30px !important;\njustify-content:center !important;\ntext-align:center !important;\n}\n}\n\n<\/style>\n<style>\n\/* custom css - generated by TagDiv Composer *\/\n.tdm_block.tdm_block_button{\r\n                  margin-bottom: 0;\r\n                }.tdm_block.tdm_block_button .tds-button{\r\n                  line-height: 0;\r\n                }.tdm_block.tdm_block_button.tdm-block-button-inline{\r\n                  display: inline-block;\r\n                }.tdm_block.tdm_block_button.tdm-block-button-full,\r\n                .tdm_block.tdm_block_button.tdm-block-button-full .tdm-btn{\r\n                  display: block;\r\n                }\n<\/style>\n<style>\n\/* custom css - generated by TagDiv Composer *\/\nbody .tdi_21{\r\n\t\t\t\t\tbackground-color: #f9b800;\r\n\t\t\t\t}.tdi_21 .tdm-btn-icon:last-child{\r\n\t\t\t\t\tmargin-left: 14px;\r\n\t\t\t\t}\n<\/style><div class=\"tds-button td-fix-index\"><a \r\n                href=\"https:\/\/aluminij-gradjenje.hr\/index.php\/kontakt\/\" \r\n                 title=\"Kontaktirajte nas\"\r\n                class=\"tds-button1 tdm-btn tdm-btn-lg tdi_21 \" ><span class=\"tdm-btn-text\">Kontaktirajte nas<\/span><i class=\"tdm-btn-icon tdc-font-tdmp tdc-font-tdmp-arrow-cut-right\"><\/i><\/a><\/div><\/div><\/div><\/div><div class=\"vc_column tdi_23  wpb_column vc_column_container tdc-column td-pb-span6\">\n<style scoped>\n\/* custom css - generated by TagDiv Composer *\/\n\n\/* custom css - generated by TagDiv Composer *\/\n.tdi_23{\r\n                    vertical-align: baseline;\r\n                }.tdi_23 > .wpb_wrapper,\r\n\t\t\t\t.tdi_23 > .wpb_wrapper > .tdc-elements{\r\n\t\t\t\t    display: block;\r\n\t\t\t\t}.tdi_23 > .wpb_wrapper > .tdc-elements{\r\n\t\t\t\t    width: 100%;\r\n\t\t\t\t}.tdi_23 > .wpb_wrapper > .vc_row_inner{\r\n\t\t\t\t    width: auto;\r\n\t\t\t\t}.tdi_23 > .wpb_wrapper{\r\n\t\t\t\t    width: auto;\r\n\t\t\t\t    height: auto;\r\n\t\t\t\t}\n\/* inline tdc_css att - generated by TagDiv Composer *\/\n\n.tdi_23{\npadding-top:- !important;\n}\n\n\/* landscape *\/\n@media (min-width: 1019px) and (max-width: 1140px)\n{\n.tdi_23{\npadding-top:20px !important;\n}\n}\n\n\/* portrait *\/\n@media (min-width: 768px) and (max-width: 1018px)\n{\n.tdi_23{\npadding-top:20px !important;\n}\n}\n\n\/* phone *\/\n@media (max-width: 767px)\n{\n.tdi_23{\npadding-top:40px !important;\n}\n}\n\n<\/style><div class=\"wpb_wrapper\" ><div class=\"td_block_wrap tdm_block_inline_image_simplified tdi_24 td-animation-stack td-pb-border-top td_block_template_1\"  data-td-block-uid=\"tdi_24\" >\n<style>\n\/* custom css - generated by TagDiv Composer *\/\n.tdm_block_inline_image_simplified{\r\n                    display: inline-flex;\r\n                    flex-direction: column;\r\n                    align-items: flex-start;\r\n                    position: relative;\r\n                    margin-bottom: 0;\r\n                }.tdm_block_inline_image_simplified > .td-element-style{\r\n                    z-index: -1;\r\n                }.tdm_block_inline_image_simplified .tdm-ii-wrap{\r\n                    position: relative;\r\n                    max-width: 100%;\r\n                }.tdm_block_inline_image_simplified .tdm-ii-wrap:before,\r\n                .tdm_block_inline_image_simplified .tdm-ii-wrap:after{\r\n                    position: absolute;\r\n                    top: 0;\r\n                    left: 0;\r\n                    width: 100%;\r\n                    height: 100%;\r\n                    transition: opacity 1s ease;\r\n                    z-index: 1;\r\n                }.tdm_block_inline_image_simplified img{\r\n                    display: block;\r\n                    width: 100%;\r\n                    border: 0 solid #000;\r\n                    transition: all 1s ease;\r\n                }\n<\/style><div class=\"tdm-ii-wrap \"><img loading=\"lazy\" decoding=\"async\" class=\"td-lazy-img\" src=\"https:\/\/aluminij-gradjenje.hr\/wp-content\/uploads\/2025\/09\/schueco_aws_75_pd_si.jpg\" data-type=\"image_tag\" data-img-url=\"https:\/\/aluminij-gradjenje.hr\/wp-content\/uploads\/2025\/09\/schueco_aws_75_pd_si.jpg\" title=\"schueco_aws_75_pd_si\" width=\"1100\" height=\"1100\" \/><\/div><\/div><div class=\"vc_row_inner tdi_26  vc_row vc_inner wpb_row td-pb-row\" >\n<style scoped>\n\/* custom css - generated by TagDiv Composer *\/\n\n\/* custom css - generated by TagDiv Composer *\/\n.tdi_26{\r\n                    position: relative !important;\r\n                    top: 0;\r\n                    transform: none;\r\n                    -webkit-transform: none;\r\n                }.tdi_26,\r\n\t\t\t\t.tdi_26 .tdc-inner-columns{\r\n\t\t\t\t    display: block;\r\n\t\t\t\t}.tdi_26 .tdc-inner-columns{\r\n\t\t\t\t    width: 100%;\r\n\t\t\t\t}\n<\/style><div class=\"vc_column_inner tdi_28  wpb_column vc_column_container tdc-inner-column td-pb-span12\">\n<style scoped>\n\/* custom css - generated by TagDiv Composer *\/\n\n\/* custom css - generated by TagDiv Composer *\/\n.tdi_28{\r\n                    vertical-align: baseline;\r\n                }.tdi_28 .vc_column-inner > .wpb_wrapper,\r\n\t\t\t\t.tdi_28 .vc_column-inner > .wpb_wrapper .tdc-elements{\r\n\t\t\t\t    display: block;\r\n\t\t\t\t}.tdi_28 .vc_column-inner > .wpb_wrapper .tdc-elements{\r\n\t\t\t\t    width: 100%;\r\n\t\t\t\t}\n<\/style><div class=\"vc_column-inner\"><div class=\"wpb_wrapper\" ><\/div><\/div><\/div><\/div><div class=\"wpb_wrapper td_block_empty_space td_block_wrap vc_empty_space tdi_30 \"  style=\"height: 32px\"><\/div><div class=\"vc_row_inner tdi_32  vc_row vc_inner wpb_row td-pb-row\" >\n<style scoped>\n\/* custom css - generated by TagDiv Composer *\/\n\n\/* custom css - generated by TagDiv Composer *\/\n.tdi_32{\r\n                    position: relative !important;\r\n                    top: 0;\r\n                    transform: none;\r\n                    -webkit-transform: none;\r\n                }.tdi_32,\r\n\t\t\t\t.tdi_32 .tdc-inner-columns{\r\n\t\t\t\t    display: block;\r\n\t\t\t\t}.tdi_32 .tdc-inner-columns{\r\n\t\t\t\t    width: 100%;\r\n\t\t\t\t}\n<\/style><div class=\"vc_column_inner tdi_34  wpb_column vc_column_container tdc-inner-column td-pb-span12\">\n<style scoped>\n\/* custom css - generated by TagDiv Composer *\/\n\n\/* custom css - generated by TagDiv Composer *\/\n.tdi_34{\r\n                    vertical-align: baseline;\r\n                }.tdi_34 .vc_column-inner > .wpb_wrapper,\r\n\t\t\t\t.tdi_34 .vc_column-inner > .wpb_wrapper .tdc-elements{\r\n\t\t\t\t    display: block;\r\n\t\t\t\t}.tdi_34 .vc_column-inner > .wpb_wrapper .tdc-elements{\r\n\t\t\t\t    width: 100%;\r\n\t\t\t\t}\n<\/style><div class=\"vc_column-inner\"><div class=\"wpb_wrapper\" ><\/div><\/div><\/div><\/div><\/div><\/div><\/div><\/div><div id=\"tdi_35\" class=\"tdc-row stretch_row_content_no_space td-stretch-content\"><div class=\"vc_row tdi_36  wpb_row td-pb-row\" >\n<style scoped>\n\/* custom css - generated by TagDiv Composer *\/\n\n\/* custom css - generated by TagDiv Composer *\/\n.tdi_36,\r\n                .tdi_36 .tdc-columns{\r\n                    min-height: 0;\r\n                }.tdi_36,\r\n\t\t\t\t.tdi_36 .tdc-columns{\r\n\t\t\t\t    display: block;\r\n\t\t\t\t}.tdi_36 .tdc-columns{\r\n\t\t\t\t    width: 100%;\r\n\t\t\t\t}.tdi_36:before,\r\n\t\t\t\t.tdi_36:after{\r\n\t\t\t\t    display: table;\r\n\t\t\t\t}\n<\/style><div class=\"vc_column tdi_38  wpb_column vc_column_container tdc-column td-pb-span12\">\n<style scoped>\n\/* custom css - generated by TagDiv Composer *\/\n\n\/* custom css - generated by TagDiv Composer *\/\n.tdi_38{\r\n                    vertical-align: baseline;\r\n                }.tdi_38 > .wpb_wrapper,\r\n\t\t\t\t.tdi_38 > .wpb_wrapper > .tdc-elements{\r\n\t\t\t\t    display: block;\r\n\t\t\t\t}.tdi_38 > .wpb_wrapper > .tdc-elements{\r\n\t\t\t\t    width: 100%;\r\n\t\t\t\t}.tdi_38 > .wpb_wrapper > .vc_row_inner{\r\n\t\t\t\t    width: auto;\r\n\t\t\t\t}.tdi_38 > .wpb_wrapper{\r\n\t\t\t\t    width: auto;\r\n\t\t\t\t    height: auto;\r\n\t\t\t\t}\n<\/style><div class=\"wpb_wrapper\" ><div class=\"vc_row_inner tdi_40  vc_row vc_inner wpb_row td-pb-row\" >\n<style scoped>\n\/* custom css - generated by TagDiv Composer *\/\n\n\/* custom css - generated by TagDiv Composer *\/\n.tdi_40{\r\n                    position: relative !important;\r\n                    top: 0;\r\n                    transform: none;\r\n                    -webkit-transform: none;\r\n                }.tdi_40,\r\n\t\t\t\t.tdi_40 .tdc-inner-columns{\r\n\t\t\t\t    display: block;\r\n\t\t\t\t}.tdi_40 .tdc-inner-columns{\r\n\t\t\t\t    width: 100%;\r\n\t\t\t\t}\n<\/style><div class=\"vc_column_inner tdi_42  wpb_column vc_column_container tdc-inner-column td-pb-span12\">\n<style scoped>\n\/* custom css - generated by TagDiv Composer *\/\n\n\/* custom css - generated by TagDiv Composer *\/\n.tdi_42{\r\n                    vertical-align: baseline;\r\n                }.tdi_42 .vc_column-inner > .wpb_wrapper,\r\n\t\t\t\t.tdi_42 .vc_column-inner > .wpb_wrapper .tdc-elements{\r\n\t\t\t\t    display: block;\r\n\t\t\t\t}.tdi_42 .vc_column-inner > .wpb_wrapper .tdc-elements{\r\n\t\t\t\t    width: 100%;\r\n\t\t\t\t}\n<\/style><div class=\"vc_column-inner\"><div class=\"wpb_wrapper\" ><\/div><\/div><\/div><\/div><\/div><\/div><\/div><\/div><\/div><\/div>","protected":false},"excerpt":{"rendered":"","protected":false},"author":1,"featured_media":0,"parent":0,"menu_order":0,"comment_status":"closed","ping_status":"closed","template":"","meta":{"footnotes":""},"class_list":["post-512","page","type-page","status-publish"],"yoast_head":"<!-- This site is optimized with the Yoast SEO plugin v27.4 - https:\/\/yoast.com\/product\/yoast-seo-wordpress\/ -->\n<title>AWS 75 PD.SI - Aluminij gra\u0111enje<\/title>\n<meta name=\"robots\" content=\"index, follow, max-snippet:-1, max-image-preview:large, max-video-preview:-1\" \/>\n<link rel=\"canonical\" href=\"https:\/\/aluminij-gradjenje.hr\/index.php\/aws-75-pd-si\/\" \/>\n<meta property=\"og:locale\" content=\"hr_HR\" \/>\n<meta property=\"og:type\" content=\"article\" \/>\n<meta property=\"og:title\" content=\"AWS 75 PD.SI - Aluminij gra\u0111enje\" \/>\n<meta property=\"og:url\" content=\"https:\/\/aluminij-gradjenje.hr\/index.php\/aws-75-pd-si\/\" \/>\n<meta property=\"og:site_name\" content=\"Aluminij gra\u0111enje\" \/>\n<meta property=\"article:modified_time\" content=\"2025-09-29T16:39:08+00:00\" \/>\n<meta name=\"twitter:card\" content=\"summary_large_image\" \/>\n<meta name=\"twitter:label1\" content=\"Procijenjeno vrijeme \u010ditanja\" \/>\n\t<meta name=\"twitter:data1\" content=\"3 minute\" \/>\n<script type=\"application\/ld+json\" class=\"yoast-schema-graph\">{\"@context\":\"https:\\\/\\\/schema.org\",\"@graph\":[{\"@type\":\"WebPage\",\"@id\":\"https:\\\/\\\/aluminij-gradjenje.hr\\\/index.php\\\/aws-75-pd-si\\\/\",\"url\":\"https:\\\/\\\/aluminij-gradjenje.hr\\\/index.php\\\/aws-75-pd-si\\\/\",\"name\":\"AWS 75 PD.SI - Aluminij gra\u0111enje\",\"isPartOf\":{\"@id\":\"https:\\\/\\\/aluminij-gradjenje.hr\\\/#website\"},\"datePublished\":\"2025-09-19T18:13:40+00:00\",\"dateModified\":\"2025-09-29T16:39:08+00:00\",\"breadcrumb\":{\"@id\":\"https:\\\/\\\/aluminij-gradjenje.hr\\\/index.php\\\/aws-75-pd-si\\\/#breadcrumb\"},\"inLanguage\":\"hr\",\"potentialAction\":[{\"@type\":\"ReadAction\",\"target\":[\"https:\\\/\\\/aluminij-gradjenje.hr\\\/index.php\\\/aws-75-pd-si\\\/\"]}]},{\"@type\":\"BreadcrumbList\",\"@id\":\"https:\\\/\\\/aluminij-gradjenje.hr\\\/index.php\\\/aws-75-pd-si\\\/#breadcrumb\",\"itemListElement\":[{\"@type\":\"ListItem\",\"position\":1,\"name\":\"Po\u010detna stranica\",\"item\":\"https:\\\/\\\/aluminij-gradjenje.hr\\\/\"},{\"@type\":\"ListItem\",\"position\":2,\"name\":\"AWS 75 PD.SI\"}]},{\"@type\":\"WebSite\",\"@id\":\"https:\\\/\\\/aluminij-gradjenje.hr\\\/#website\",\"url\":\"https:\\\/\\\/aluminij-gradjenje.hr\\\/\",\"name\":\"Aluminij gra\u0111enje\",\"description\":\"\",\"potentialAction\":[{\"@type\":\"SearchAction\",\"target\":{\"@type\":\"EntryPoint\",\"urlTemplate\":\"https:\\\/\\\/aluminij-gradjenje.hr\\\/?s={search_term_string}\"},\"query-input\":{\"@type\":\"PropertyValueSpecification\",\"valueRequired\":true,\"valueName\":\"search_term_string\"}}],\"inLanguage\":\"hr\"}]}<\/script>\n<!-- \/ Yoast SEO plugin. -->","yoast_head_json":{"title":"AWS 75 PD.SI - Aluminij gra\u0111enje","robots":{"index":"index","follow":"follow","max-snippet":"max-snippet:-1","max-image-preview":"max-image-preview:large","max-video-preview":"max-video-preview:-1"},"canonical":"https:\/\/aluminij-gradjenje.hr\/index.php\/aws-75-pd-si\/","og_locale":"hr_HR","og_type":"article","og_title":"AWS 75 PD.SI - Aluminij gra\u0111enje","og_url":"https:\/\/aluminij-gradjenje.hr\/index.php\/aws-75-pd-si\/","og_site_name":"Aluminij gra\u0111enje","article_modified_time":"2025-09-29T16:39:08+00:00","twitter_card":"summary_large_image","twitter_misc":{"Procijenjeno vrijeme \u010ditanja":"3 minute"},"schema":{"@context":"https:\/\/schema.org","@graph":[{"@type":"WebPage","@id":"https:\/\/aluminij-gradjenje.hr\/index.php\/aws-75-pd-si\/","url":"https:\/\/aluminij-gradjenje.hr\/index.php\/aws-75-pd-si\/","name":"AWS 75 PD.SI - Aluminij gra\u0111enje","isPartOf":{"@id":"https:\/\/aluminij-gradjenje.hr\/#website"},"datePublished":"2025-09-19T18:13:40+00:00","dateModified":"2025-09-29T16:39:08+00:00","breadcrumb":{"@id":"https:\/\/aluminij-gradjenje.hr\/index.php\/aws-75-pd-si\/#breadcrumb"},"inLanguage":"hr","potentialAction":[{"@type":"ReadAction","target":["https:\/\/aluminij-gradjenje.hr\/index.php\/aws-75-pd-si\/"]}]},{"@type":"BreadcrumbList","@id":"https:\/\/aluminij-gradjenje.hr\/index.php\/aws-75-pd-si\/#breadcrumb","itemListElement":[{"@type":"ListItem","position":1,"name":"Po\u010detna stranica","item":"https:\/\/aluminij-gradjenje.hr\/"},{"@type":"ListItem","position":2,"name":"AWS 75 PD.SI"}]},{"@type":"WebSite","@id":"https:\/\/aluminij-gradjenje.hr\/#website","url":"https:\/\/aluminij-gradjenje.hr\/","name":"Aluminij gra\u0111enje","description":"","potentialAction":[{"@type":"SearchAction","target":{"@type":"EntryPoint","urlTemplate":"https:\/\/aluminij-gradjenje.hr\/?s={search_term_string}"},"query-input":{"@type":"PropertyValueSpecification","valueRequired":true,"valueName":"search_term_string"}}],"inLanguage":"hr"}]}},"_links":{"self":[{"href":"https:\/\/aluminij-gradjenje.hr\/index.php\/wp-json\/wp\/v2\/pages\/512","targetHints":{"allow":["GET"]}}],"collection":[{"href":"https:\/\/aluminij-gradjenje.hr\/index.php\/wp-json\/wp\/v2\/pages"}],"about":[{"href":"https:\/\/aluminij-gradjenje.hr\/index.php\/wp-json\/wp\/v2\/types\/page"}],"author":[{"embeddable":true,"href":"https:\/\/aluminij-gradjenje.hr\/index.php\/wp-json\/wp\/v2\/users\/1"}],"replies":[{"embeddable":true,"href":"https:\/\/aluminij-gradjenje.hr\/index.php\/wp-json\/wp\/v2\/comments?post=512"}],"version-history":[{"count":4,"href":"https:\/\/aluminij-gradjenje.hr\/index.php\/wp-json\/wp\/v2\/pages\/512\/revisions"}],"predecessor-version":[{"id":936,"href":"https:\/\/aluminij-gradjenje.hr\/index.php\/wp-json\/wp\/v2\/pages\/512\/revisions\/936"}],"wp:attachment":[{"href":"https:\/\/aluminij-gradjenje.hr\/index.php\/wp-json\/wp\/v2\/media?parent=512"}],"curies":[{"name":"wp","href":"https:\/\/api.w.org\/{rel}","templated":true}]}}