{"id":141,"date":"2025-09-10T18:03:17","date_gmt":"2025-09-10T16:03:17","guid":{"rendered":"http:\/\/tdi_53_54e"},"modified":"2025-09-16T17:38:07","modified_gmt":"2025-09-16T15:38:07","slug":"bluetooth-joystick-gamepad","status":"publish","type":"product","link":"https:\/\/aluminij-gradjenje.hr\/index.php\/product\/bluetooth-joystick-gamepad\/","title":{"rendered":"WINKHAUS AP4 sustav zaklju\u010davanja sigurnosnih vrata, panik brava"},"content":{"rendered":"<p class=\"gt-block\"><strong><span dir=\"auto\">Tehni\u010dki podaci<\/span><\/strong><\/p>\n<ul>\n<li><span dir=\"auto\">Proizvod: PanicLock AP4 sustav zaklju\u010davanja sigurnosnih vrata<\/span><span id=\"ezoic-pub-ad-placeholder-162\" data-inserter-version=\"2\"><\/span><\/li>\n<li><span dir=\"auto\">Materijal: PVC-U\/aluminij\/drvo<\/span><\/li>\n<li><span dir=\"auto\">Proizvo\u0111a\u010d: winkhaus.de<\/span><span id=\"ezoic-pub-ad-placeholder-163\" data-inserter-version=\"2\"><\/span><\/li>\n<\/ul>\n<p class=\"gt-block\"><span dir=\"auto\">Ako se ne pridr\u017eavate ovih va\u017enih uputa, ne jam\u010dimo nesmetan rad i besprijekorno kori\u0161tenje brava.<\/span><br \/>\n<span dir=\"auto\">Sljede\u0107e informacije i ilustracije odra\u017eavaju trenutno stanje na\u0161eg razvoja i proizvodnje ovih proizvoda. Kako bismo postigli zadovoljstvo kupaca i pouzdanost okova, zadr\u017eavamo pravo na promjene proizvoda. Sve informacije u ovom dokumentu sastavljene su i provjerene s najve\u0107om pa\u017enjom. Neke od navedenih dimenzija su zaokru\u017eene! Zbog kontinuiranog tehni\u010dkog napretka, promjena u zakonodavstvu i drugih neizbje\u017enih promjena, ne preuzimamo nikakvu odgovornost za to\u010dnost i potpunost sadr\u017eaja. Uvijek smo zahvalni na prijedlozima i komentarima. Uzimaju\u0107i u obzir informacije i \u010dinjenice u vezi s vratima navedenim ovdje, sustav okova mo\u017ee se jednostavno ugraditi.<\/span><\/p>\n","protected":false},"excerpt":{"rendered":"<ul>\n<li><span dir=\"auto\">Proizvod: PanicLock AP4 sustav zaklju\u010davanja sigurnosnih vrata<\/span><span id=\"ezoic-pub-ad-placeholder-162\" data-inserter-version=\"2\"><\/span><\/li>\n<li><span dir=\"auto\">Materijal: PVC-U\/aluminij\/drvo<\/span><\/li>\n<li><span dir=\"auto\">Proizvo\u0111a\u010d: winkhaus.de<\/span><\/li>\n<\/ul>\n","protected":false},"featured_media":286,"template":"","meta":[],"product_brand":[],"product_cat":[26,52],"product_tag":[55],"class_list":{"0":"post-141","1":"product","2":"type-product","3":"status-publish","4":"has-post-thumbnail","6":"product_cat-gadgets","7":"product_cat-web-shop","8":"product_tag-paniclock","10":"first","11":"instock","12":"sale","13":"virtual","14":"taxable","15":"purchasable","16":"product-type-simple"},"yoast_head":"<!-- This site is optimized with the Yoast SEO plugin v27.5 - https:\/\/yoast.com\/product\/yoast-seo-wordpress\/ -->\n<title>WINKHAUS AP4 sustav zaklju\u010davanja sigurnosnih vrata, panik brava - Aluminij gra\u0111enje<\/title>\n<meta name=\"robots\" content=\"index, follow, max-snippet:-1, max-image-preview:large, max-video-preview:-1\" \/>\n<link rel=\"canonical\" href=\"https:\/\/aluminij-gradjenje.hr\/index.php\/product\/bluetooth-joystick-gamepad\/\" \/>\n<meta property=\"og:locale\" content=\"hr_HR\" \/>\n<meta property=\"og:type\" content=\"article\" \/>\n<meta property=\"og:title\" content=\"WINKHAUS AP4 sustav zaklju\u010davanja sigurnosnih vrata, panik brava - Aluminij gra\u0111enje\" \/>\n<meta property=\"og:description\" content=\"Proizvod: PanicLock AP4 sustav zaklju\u010davanja sigurnosnih vrata  Materijal: PVC-U\/aluminij\/drvo  Proizvo\u0111a\u010d: winkhaus.de\" \/>\n<meta property=\"og:url\" content=\"https:\/\/aluminij-gradjenje.hr\/index.php\/product\/bluetooth-joystick-gamepad\/\" \/>\n<meta property=\"og:site_name\" content=\"Aluminij gra\u0111enje\" \/>\n<meta property=\"article:modified_time\" content=\"2025-09-16T15:38:07+00:00\" \/>\n<meta property=\"og:image\" content=\"https:\/\/aluminij-gradjenje.hr\/wp-content\/uploads\/2025\/09\/Aluminij-gradenje-okovi-za-prozore-i-vrata-2.webp\" \/>\n\t<meta property=\"og:image:width\" content=\"520\" \/>\n\t<meta property=\"og:image:height\" content=\"596\" \/>\n\t<meta property=\"og:image:type\" content=\"image\/webp\" \/>\n<meta name=\"twitter:card\" content=\"summary_large_image\" \/>\n<meta name=\"twitter:label1\" content=\"Procijenjeno vrijeme \u010ditanja\" \/>\n\t<meta name=\"twitter:data1\" content=\"1 minuta\" \/>\n<script type=\"application\/ld+json\" class=\"yoast-schema-graph\">{\"@context\":\"https:\\\/\\\/schema.org\",\"@graph\":[{\"@type\":\"WebPage\",\"@id\":\"https:\\\/\\\/aluminij-gradjenje.hr\\\/index.php\\\/product\\\/bluetooth-joystick-gamepad\\\/\",\"url\":\"https:\\\/\\\/aluminij-gradjenje.hr\\\/index.php\\\/product\\\/bluetooth-joystick-gamepad\\\/\",\"name\":\"WINKHAUS AP4 sustav zaklju\u010davanja sigurnosnih vrata, panik brava - Aluminij gra\u0111enje\",\"isPartOf\":{\"@id\":\"https:\\\/\\\/aluminij-gradjenje.hr\\\/#website\"},\"primaryImageOfPage\":{\"@id\":\"https:\\\/\\\/aluminij-gradjenje.hr\\\/index.php\\\/product\\\/bluetooth-joystick-gamepad\\\/#primaryimage\"},\"image\":{\"@id\":\"https:\\\/\\\/aluminij-gradjenje.hr\\\/index.php\\\/product\\\/bluetooth-joystick-gamepad\\\/#primaryimage\"},\"thumbnailUrl\":\"https:\\\/\\\/aluminij-gradjenje.hr\\\/wp-content\\\/uploads\\\/2025\\\/09\\\/Aluminij-gradenje-okovi-za-prozore-i-vrata-2.webp\",\"datePublished\":\"2025-09-10T16:03:17+00:00\",\"dateModified\":\"2025-09-16T15:38:07+00:00\",\"breadcrumb\":{\"@id\":\"https:\\\/\\\/aluminij-gradjenje.hr\\\/index.php\\\/product\\\/bluetooth-joystick-gamepad\\\/#breadcrumb\"},\"inLanguage\":\"hr\",\"potentialAction\":[{\"@type\":\"ReadAction\",\"target\":[\"https:\\\/\\\/aluminij-gradjenje.hr\\\/index.php\\\/product\\\/bluetooth-joystick-gamepad\\\/\"]}]},{\"@type\":\"ImageObject\",\"inLanguage\":\"hr\",\"@id\":\"https:\\\/\\\/aluminij-gradjenje.hr\\\/index.php\\\/product\\\/bluetooth-joystick-gamepad\\\/#primaryimage\",\"url\":\"https:\\\/\\\/aluminij-gradjenje.hr\\\/wp-content\\\/uploads\\\/2025\\\/09\\\/Aluminij-gradenje-okovi-za-prozore-i-vrata-2.webp\",\"contentUrl\":\"https:\\\/\\\/aluminij-gradjenje.hr\\\/wp-content\\\/uploads\\\/2025\\\/09\\\/Aluminij-gradenje-okovi-za-prozore-i-vrata-2.webp\",\"width\":520,\"height\":596},{\"@type\":\"BreadcrumbList\",\"@id\":\"https:\\\/\\\/aluminij-gradjenje.hr\\\/index.php\\\/product\\\/bluetooth-joystick-gamepad\\\/#breadcrumb\",\"itemListElement\":[{\"@type\":\"ListItem\",\"position\":1,\"name\":\"Po\u010detna stranica\",\"item\":\"https:\\\/\\\/aluminij-gradjenje.hr\\\/\"},{\"@type\":\"ListItem\",\"position\":2,\"name\":\"Shop\",\"item\":\"https:\\\/\\\/aluminij-gradjenje.hr\\\/index.php\\\/shop\\\/\"},{\"@type\":\"ListItem\",\"position\":3,\"name\":\"WINKHAUS AP4 sustav zaklju\u010davanja sigurnosnih vrata, panik brava\"}]},{\"@type\":\"WebSite\",\"@id\":\"https:\\\/\\\/aluminij-gradjenje.hr\\\/#website\",\"url\":\"https:\\\/\\\/aluminij-gradjenje.hr\\\/\",\"name\":\"Aluminij gra\u0111enje\",\"description\":\"\",\"potentialAction\":[{\"@type\":\"SearchAction\",\"target\":{\"@type\":\"EntryPoint\",\"urlTemplate\":\"https:\\\/\\\/aluminij-gradjenje.hr\\\/?s={search_term_string}\"},\"query-input\":{\"@type\":\"PropertyValueSpecification\",\"valueRequired\":true,\"valueName\":\"search_term_string\"}}],\"inLanguage\":\"hr\"}]}<\/script>\n<!-- \/ Yoast SEO plugin. -->","yoast_head_json":{"title":"WINKHAUS AP4 sustav zaklju\u010davanja sigurnosnih vrata, panik brava - Aluminij gra\u0111enje","robots":{"index":"index","follow":"follow","max-snippet":"max-snippet:-1","max-image-preview":"max-image-preview:large","max-video-preview":"max-video-preview:-1"},"canonical":"https:\/\/aluminij-gradjenje.hr\/index.php\/product\/bluetooth-joystick-gamepad\/","og_locale":"hr_HR","og_type":"article","og_title":"WINKHAUS AP4 sustav zaklju\u010davanja sigurnosnih vrata, panik brava - Aluminij gra\u0111enje","og_description":"Proizvod: PanicLock AP4 sustav zaklju\u010davanja sigurnosnih vrata  Materijal: PVC-U\/aluminij\/drvo  Proizvo\u0111a\u010d: winkhaus.de","og_url":"https:\/\/aluminij-gradjenje.hr\/index.php\/product\/bluetooth-joystick-gamepad\/","og_site_name":"Aluminij gra\u0111enje","article_modified_time":"2025-09-16T15:38:07+00:00","og_image":[{"width":520,"height":596,"url":"https:\/\/aluminij-gradjenje.hr\/wp-content\/uploads\/2025\/09\/Aluminij-gradenje-okovi-za-prozore-i-vrata-2.webp","type":"image\/webp"}],"twitter_card":"summary_large_image","twitter_misc":{"Procijenjeno vrijeme \u010ditanja":"1 minuta"},"schema":{"@context":"https:\/\/schema.org","@graph":[{"@type":"WebPage","@id":"https:\/\/aluminij-gradjenje.hr\/index.php\/product\/bluetooth-joystick-gamepad\/","url":"https:\/\/aluminij-gradjenje.hr\/index.php\/product\/bluetooth-joystick-gamepad\/","name":"WINKHAUS AP4 sustav zaklju\u010davanja sigurnosnih vrata, panik brava - Aluminij gra\u0111enje","isPartOf":{"@id":"https:\/\/aluminij-gradjenje.hr\/#website"},"primaryImageOfPage":{"@id":"https:\/\/aluminij-gradjenje.hr\/index.php\/product\/bluetooth-joystick-gamepad\/#primaryimage"},"image":{"@id":"https:\/\/aluminij-gradjenje.hr\/index.php\/product\/bluetooth-joystick-gamepad\/#primaryimage"},"thumbnailUrl":"https:\/\/aluminij-gradjenje.hr\/wp-content\/uploads\/2025\/09\/Aluminij-gradenje-okovi-za-prozore-i-vrata-2.webp","datePublished":"2025-09-10T16:03:17+00:00","dateModified":"2025-09-16T15:38:07+00:00","breadcrumb":{"@id":"https:\/\/aluminij-gradjenje.hr\/index.php\/product\/bluetooth-joystick-gamepad\/#breadcrumb"},"inLanguage":"hr","potentialAction":[{"@type":"ReadAction","target":["https:\/\/aluminij-gradjenje.hr\/index.php\/product\/bluetooth-joystick-gamepad\/"]}]},{"@type":"ImageObject","inLanguage":"hr","@id":"https:\/\/aluminij-gradjenje.hr\/index.php\/product\/bluetooth-joystick-gamepad\/#primaryimage","url":"https:\/\/aluminij-gradjenje.hr\/wp-content\/uploads\/2025\/09\/Aluminij-gradenje-okovi-za-prozore-i-vrata-2.webp","contentUrl":"https:\/\/aluminij-gradjenje.hr\/wp-content\/uploads\/2025\/09\/Aluminij-gradenje-okovi-za-prozore-i-vrata-2.webp","width":520,"height":596},{"@type":"BreadcrumbList","@id":"https:\/\/aluminij-gradjenje.hr\/index.php\/product\/bluetooth-joystick-gamepad\/#breadcrumb","itemListElement":[{"@type":"ListItem","position":1,"name":"Po\u010detna stranica","item":"https:\/\/aluminij-gradjenje.hr\/"},{"@type":"ListItem","position":2,"name":"Shop","item":"https:\/\/aluminij-gradjenje.hr\/index.php\/shop\/"},{"@type":"ListItem","position":3,"name":"WINKHAUS AP4 sustav zaklju\u010davanja sigurnosnih vrata, panik brava"}]},{"@type":"WebSite","@id":"https:\/\/aluminij-gradjenje.hr\/#website","url":"https:\/\/aluminij-gradjenje.hr\/","name":"Aluminij gra\u0111enje","description":"","potentialAction":[{"@type":"SearchAction","target":{"@type":"EntryPoint","urlTemplate":"https:\/\/aluminij-gradjenje.hr\/?s={search_term_string}"},"query-input":{"@type":"PropertyValueSpecification","valueRequired":true,"valueName":"search_term_string"}}],"inLanguage":"hr"}]}},"_links":{"self":[{"href":"https:\/\/aluminij-gradjenje.hr\/index.php\/wp-json\/wp\/v2\/product\/141","targetHints":{"allow":["GET"]}}],"collection":[{"href":"https:\/\/aluminij-gradjenje.hr\/index.php\/wp-json\/wp\/v2\/product"}],"about":[{"href":"https:\/\/aluminij-gradjenje.hr\/index.php\/wp-json\/wp\/v2\/types\/product"}],"wp:featuredmedia":[{"embeddable":true,"href":"https:\/\/aluminij-gradjenje.hr\/index.php\/wp-json\/wp\/v2\/media\/286"}],"wp:attachment":[{"href":"https:\/\/aluminij-gradjenje.hr\/index.php\/wp-json\/wp\/v2\/media?parent=141"}],"wp:term":[{"taxonomy":"product_brand","embeddable":true,"href":"https:\/\/aluminij-gradjenje.hr\/index.php\/wp-json\/wp\/v2\/product_brand?post=141"},{"taxonomy":"product_cat","embeddable":true,"href":"https:\/\/aluminij-gradjenje.hr\/index.php\/wp-json\/wp\/v2\/product_cat?post=141"},{"taxonomy":"product_tag","embeddable":true,"href":"https:\/\/aluminij-gradjenje.hr\/index.php\/wp-json\/wp\/v2\/product_tag?post=141"}],"curies":[{"name":"wp","href":"https:\/\/api.w.org\/{rel}","templated":true}]}}