{"id":145,"date":"2025-09-10T18:03:17","date_gmt":"2025-09-10T16:03:17","guid":{"rendered":"http:\/\/tdi_57_5c4"},"modified":"2026-02-06T11:40:53","modified_gmt":"2026-02-06T10:40:53","slug":"mobile-phone-armband","status":"publish","type":"product","link":"https:\/\/aluminij-gradjenje.hr\/index.php\/product\/mobile-phone-armband\/","title":{"rendered":"WINKHAUS brava s tri klju\u010da \u2013 sigurnost i pouzdanost"},"content":{"rendered":"<p data-start=\"168\" data-end=\"320\">Ova <strong data-start=\"172\" data-end=\"203\">WINKHAUS brava s tri klju\u010da<\/strong> pru\u017ea <strong data-start=\"210\" data-end=\"258\">maksimalnu sigurnost i dugotrajnu pouzdanost<\/strong> za sve vrste vrata, od stambenih do komercijalnih objekata.<\/p>\n<p data-start=\"322\" data-end=\"353\"><strong data-start=\"322\" data-end=\"351\">Karakteristike proizvoda:<\/strong><\/p>\n<ul data-start=\"354\" data-end=\"772\">\n<li data-start=\"354\" data-end=\"444\">\n<p data-start=\"356\" data-end=\"444\"><strong data-start=\"356\" data-end=\"381\">Tri klju\u010da u kompletu<\/strong> \u2013 omogu\u0107uje jednostavnu kontrolu pristupa za vi\u0161e korisnika.<\/p>\n<\/li>\n<li data-start=\"445\" data-end=\"540\">\n<p data-start=\"447\" data-end=\"540\"><strong data-start=\"447\" data-end=\"467\">Visoka sigurnost<\/strong> \u2013 precizno izra\u0111ena mehani\u010dka brava koja osigurava za\u0161titu od provale.<\/p>\n<\/li>\n<li data-start=\"541\" data-end=\"655\">\n<p data-start=\"543\" data-end=\"655\"><strong data-start=\"543\" data-end=\"570\">Dugotrajna izdr\u017eljivost<\/strong> \u2013 izra\u0111ena od kvalitetnih materijala otpornih na svakodnevno kori\u0161tenje i habanje.<\/p>\n<\/li>\n<li data-start=\"656\" data-end=\"772\">\n<p data-start=\"658\" data-end=\"772\"><strong data-start=\"658\" data-end=\"685\">Jednostavna instalacija<\/strong> \u2013 kompatibilna s razli\u010ditim vrstama vrata, pogodna za profesionalnu i ku\u0107nu monta\u017eu.<\/p>\n<\/li>\n<\/ul>\n<p data-start=\"774\" data-end=\"789\"><strong data-start=\"774\" data-end=\"787\">Primjena:<\/strong><\/p>\n<ul data-start=\"790\" data-end=\"911\">\n<li data-start=\"790\" data-end=\"816\">\n<p data-start=\"792\" data-end=\"816\">stambena vrata i ulazi<\/p>\n<\/li>\n<li data-start=\"817\" data-end=\"846\">\n<p data-start=\"819\" data-end=\"846\">poslovni prostori i uredi<\/p>\n<\/li>\n<li data-start=\"847\" data-end=\"911\">\n<p data-start=\"849\" data-end=\"911\">vrata unutarnjih prostora gdje je potrebna dodatna sigurnost<\/p>\n<\/li>\n<\/ul>\n<p data-start=\"913\" data-end=\"1057\">Ova WINKHAUS brava kombinira <strong data-start=\"942\" data-end=\"1001\">njema\u010dku preciznost, dugovje\u010dnost i jednostavnu uporabu<\/strong>, pru\u017eaju\u0107i vam mir i sigurnost u svakodnevnom \u017eivotu.<\/p>\n","protected":false},"excerpt":{"rendered":"<ul data-start=\"354\" data-end=\"772\">\n<li data-start=\"354\" data-end=\"444\">\n<p data-start=\"356\" data-end=\"444\"><strong data-start=\"356\" data-end=\"381\">Tri klju\u010da u kompletu<\/strong> \u2013 omogu\u0107uje jednostavnu kontrolu pristupa za vi\u0161e korisnika.<\/p>\n<\/li>\n<li data-start=\"445\" data-end=\"540\">\n<p data-start=\"447\" data-end=\"540\"><strong data-start=\"447\" data-end=\"467\">Visoka sigurnost<\/strong> \u2013 precizno izra\u0111ena mehani\u010dka brava koja osigurava za\u0161titu od provale.<\/p>\n<\/li>\n<li data-start=\"541\" data-end=\"655\">\n<p data-start=\"543\" data-end=\"655\"><strong data-start=\"543\" data-end=\"570\">Dugotrajna izdr\u017eljivost<\/strong> \u2013 izra\u0111ena od kvalitetnih materijala otpornih na svakodnevno kori\u0161tenje i habanje.<\/p>\n<\/li>\n<li data-start=\"656\" data-end=\"772\">\n<p data-start=\"658\" data-end=\"772\"><strong data-start=\"658\" data-end=\"685\">Jednostavna instalacija<\/strong> \u2013 kompatibilna s razli\u010ditim vrstama vrata, pogodna za profesionalnu i ku\u0107nu monta\u017eu.<\/p>\n<\/li>\n<\/ul>\n","protected":false},"featured_media":289,"template":"","meta":[],"product_brand":[],"product_cat":[52],"product_tag":[56],"class_list":{"0":"post-145","1":"product","2":"type-product","3":"status-publish","4":"has-post-thumbnail","6":"product_cat-web-shop","7":"product_tag-bravica","9":"first","10":"instock","11":"sale","12":"virtual","13":"taxable","14":"purchasable","15":"product-type-simple"},"yoast_head":"<!-- This site is optimized with the Yoast SEO plugin v27.5 - https:\/\/yoast.com\/product\/yoast-seo-wordpress\/ -->\n<title>WINKHAUS brava s tri klju\u010da \u2013 sigurnost i pouzdanost - Aluminij gra\u0111enje<\/title>\n<meta name=\"robots\" content=\"index, follow, max-snippet:-1, max-image-preview:large, max-video-preview:-1\" \/>\n<link rel=\"canonical\" href=\"https:\/\/aluminij-gradjenje.hr\/index.php\/product\/mobile-phone-armband\/\" \/>\n<meta property=\"og:locale\" content=\"hr_HR\" \/>\n<meta property=\"og:type\" content=\"article\" \/>\n<meta property=\"og:title\" content=\"WINKHAUS brava s tri klju\u010da \u2013 sigurnost i pouzdanost - Aluminij gra\u0111enje\" \/>\n<meta property=\"og:description\" content=\"Tri klju\u010da u kompletu \u2013 omogu\u0107uje jednostavnu kontrolu pristupa za vi\u0161e korisnika.    Visoka sigurnost \u2013 precizno izra\u0111ena mehani\u010dka brava koja osigurava za\u0161titu od provale.    Dugotrajna izdr\u017eljivost \u2013 izra\u0111ena od kvalitetnih materijala otpornih na svakodnevno kori\u0161tenje i habanje.    Jednostavna instalacija \u2013 kompatibilna s razli\u010ditim vrstama vrata, pogodna za profesionalnu i ku\u0107nu monta\u017eu.\" \/>\n<meta property=\"og:url\" content=\"https:\/\/aluminij-gradjenje.hr\/index.php\/product\/mobile-phone-armband\/\" \/>\n<meta property=\"og:site_name\" content=\"Aluminij gra\u0111enje\" \/>\n<meta property=\"article:modified_time\" content=\"2026-02-06T10:40:53+00:00\" \/>\n<meta property=\"og:image\" content=\"https:\/\/aluminij-gradjenje.hr\/wp-content\/uploads\/2025\/09\/Aluminij-gradenje-okovi-za-prozore-i-vrata-4.webp\" \/>\n\t<meta property=\"og:image:width\" content=\"1600\" \/>\n\t<meta property=\"og:image:height\" content=\"1043\" \/>\n\t<meta property=\"og:image:type\" content=\"image\/webp\" \/>\n<meta name=\"twitter:card\" content=\"summary_large_image\" \/>\n<meta name=\"twitter:label1\" content=\"Procijenjeno vrijeme \u010ditanja\" \/>\n\t<meta name=\"twitter:data1\" content=\"1 minuta\" \/>\n<script type=\"application\/ld+json\" class=\"yoast-schema-graph\">{\"@context\":\"https:\\\/\\\/schema.org\",\"@graph\":[{\"@type\":\"WebPage\",\"@id\":\"https:\\\/\\\/aluminij-gradjenje.hr\\\/index.php\\\/product\\\/mobile-phone-armband\\\/\",\"url\":\"https:\\\/\\\/aluminij-gradjenje.hr\\\/index.php\\\/product\\\/mobile-phone-armband\\\/\",\"name\":\"WINKHAUS brava s tri klju\u010da \u2013 sigurnost i pouzdanost - Aluminij gra\u0111enje\",\"isPartOf\":{\"@id\":\"https:\\\/\\\/aluminij-gradjenje.hr\\\/#website\"},\"primaryImageOfPage\":{\"@id\":\"https:\\\/\\\/aluminij-gradjenje.hr\\\/index.php\\\/product\\\/mobile-phone-armband\\\/#primaryimage\"},\"image\":{\"@id\":\"https:\\\/\\\/aluminij-gradjenje.hr\\\/index.php\\\/product\\\/mobile-phone-armband\\\/#primaryimage\"},\"thumbnailUrl\":\"https:\\\/\\\/aluminij-gradjenje.hr\\\/wp-content\\\/uploads\\\/2025\\\/09\\\/Aluminij-gradenje-okovi-za-prozore-i-vrata-4.webp\",\"datePublished\":\"2025-09-10T16:03:17+00:00\",\"dateModified\":\"2026-02-06T10:40:53+00:00\",\"breadcrumb\":{\"@id\":\"https:\\\/\\\/aluminij-gradjenje.hr\\\/index.php\\\/product\\\/mobile-phone-armband\\\/#breadcrumb\"},\"inLanguage\":\"hr\",\"potentialAction\":[{\"@type\":\"ReadAction\",\"target\":[\"https:\\\/\\\/aluminij-gradjenje.hr\\\/index.php\\\/product\\\/mobile-phone-armband\\\/\"]}]},{\"@type\":\"ImageObject\",\"inLanguage\":\"hr\",\"@id\":\"https:\\\/\\\/aluminij-gradjenje.hr\\\/index.php\\\/product\\\/mobile-phone-armband\\\/#primaryimage\",\"url\":\"https:\\\/\\\/aluminij-gradjenje.hr\\\/wp-content\\\/uploads\\\/2025\\\/09\\\/Aluminij-gradenje-okovi-za-prozore-i-vrata-4.webp\",\"contentUrl\":\"https:\\\/\\\/aluminij-gradjenje.hr\\\/wp-content\\\/uploads\\\/2025\\\/09\\\/Aluminij-gradenje-okovi-za-prozore-i-vrata-4.webp\",\"width\":1600,\"height\":1043},{\"@type\":\"BreadcrumbList\",\"@id\":\"https:\\\/\\\/aluminij-gradjenje.hr\\\/index.php\\\/product\\\/mobile-phone-armband\\\/#breadcrumb\",\"itemListElement\":[{\"@type\":\"ListItem\",\"position\":1,\"name\":\"Po\u010detna stranica\",\"item\":\"https:\\\/\\\/aluminij-gradjenje.hr\\\/\"},{\"@type\":\"ListItem\",\"position\":2,\"name\":\"Shop\",\"item\":\"https:\\\/\\\/aluminij-gradjenje.hr\\\/index.php\\\/shop\\\/\"},{\"@type\":\"ListItem\",\"position\":3,\"name\":\"WINKHAUS brava s tri klju\u010da \u2013 sigurnost i pouzdanost\"}]},{\"@type\":\"WebSite\",\"@id\":\"https:\\\/\\\/aluminij-gradjenje.hr\\\/#website\",\"url\":\"https:\\\/\\\/aluminij-gradjenje.hr\\\/\",\"name\":\"Aluminij gra\u0111enje\",\"description\":\"\",\"potentialAction\":[{\"@type\":\"SearchAction\",\"target\":{\"@type\":\"EntryPoint\",\"urlTemplate\":\"https:\\\/\\\/aluminij-gradjenje.hr\\\/?s={search_term_string}\"},\"query-input\":{\"@type\":\"PropertyValueSpecification\",\"valueRequired\":true,\"valueName\":\"search_term_string\"}}],\"inLanguage\":\"hr\"}]}<\/script>\n<!-- \/ Yoast SEO plugin. -->","yoast_head_json":{"title":"WINKHAUS brava s tri klju\u010da \u2013 sigurnost i pouzdanost - Aluminij gra\u0111enje","robots":{"index":"index","follow":"follow","max-snippet":"max-snippet:-1","max-image-preview":"max-image-preview:large","max-video-preview":"max-video-preview:-1"},"canonical":"https:\/\/aluminij-gradjenje.hr\/index.php\/product\/mobile-phone-armband\/","og_locale":"hr_HR","og_type":"article","og_title":"WINKHAUS brava s tri klju\u010da \u2013 sigurnost i pouzdanost - Aluminij gra\u0111enje","og_description":"Tri klju\u010da u kompletu \u2013 omogu\u0107uje jednostavnu kontrolu pristupa za vi\u0161e korisnika.    Visoka sigurnost \u2013 precizno izra\u0111ena mehani\u010dka brava koja osigurava za\u0161titu od provale.    Dugotrajna izdr\u017eljivost \u2013 izra\u0111ena od kvalitetnih materijala otpornih na svakodnevno kori\u0161tenje i habanje.    Jednostavna instalacija \u2013 kompatibilna s razli\u010ditim vrstama vrata, pogodna za profesionalnu i ku\u0107nu monta\u017eu.","og_url":"https:\/\/aluminij-gradjenje.hr\/index.php\/product\/mobile-phone-armband\/","og_site_name":"Aluminij gra\u0111enje","article_modified_time":"2026-02-06T10:40:53+00:00","og_image":[{"width":1600,"height":1043,"url":"https:\/\/aluminij-gradjenje.hr\/wp-content\/uploads\/2025\/09\/Aluminij-gradenje-okovi-za-prozore-i-vrata-4.webp","type":"image\/webp"}],"twitter_card":"summary_large_image","twitter_misc":{"Procijenjeno vrijeme \u010ditanja":"1 minuta"},"schema":{"@context":"https:\/\/schema.org","@graph":[{"@type":"WebPage","@id":"https:\/\/aluminij-gradjenje.hr\/index.php\/product\/mobile-phone-armband\/","url":"https:\/\/aluminij-gradjenje.hr\/index.php\/product\/mobile-phone-armband\/","name":"WINKHAUS brava s tri klju\u010da \u2013 sigurnost i pouzdanost - Aluminij gra\u0111enje","isPartOf":{"@id":"https:\/\/aluminij-gradjenje.hr\/#website"},"primaryImageOfPage":{"@id":"https:\/\/aluminij-gradjenje.hr\/index.php\/product\/mobile-phone-armband\/#primaryimage"},"image":{"@id":"https:\/\/aluminij-gradjenje.hr\/index.php\/product\/mobile-phone-armband\/#primaryimage"},"thumbnailUrl":"https:\/\/aluminij-gradjenje.hr\/wp-content\/uploads\/2025\/09\/Aluminij-gradenje-okovi-za-prozore-i-vrata-4.webp","datePublished":"2025-09-10T16:03:17+00:00","dateModified":"2026-02-06T10:40:53+00:00","breadcrumb":{"@id":"https:\/\/aluminij-gradjenje.hr\/index.php\/product\/mobile-phone-armband\/#breadcrumb"},"inLanguage":"hr","potentialAction":[{"@type":"ReadAction","target":["https:\/\/aluminij-gradjenje.hr\/index.php\/product\/mobile-phone-armband\/"]}]},{"@type":"ImageObject","inLanguage":"hr","@id":"https:\/\/aluminij-gradjenje.hr\/index.php\/product\/mobile-phone-armband\/#primaryimage","url":"https:\/\/aluminij-gradjenje.hr\/wp-content\/uploads\/2025\/09\/Aluminij-gradenje-okovi-za-prozore-i-vrata-4.webp","contentUrl":"https:\/\/aluminij-gradjenje.hr\/wp-content\/uploads\/2025\/09\/Aluminij-gradenje-okovi-za-prozore-i-vrata-4.webp","width":1600,"height":1043},{"@type":"BreadcrumbList","@id":"https:\/\/aluminij-gradjenje.hr\/index.php\/product\/mobile-phone-armband\/#breadcrumb","itemListElement":[{"@type":"ListItem","position":1,"name":"Po\u010detna stranica","item":"https:\/\/aluminij-gradjenje.hr\/"},{"@type":"ListItem","position":2,"name":"Shop","item":"https:\/\/aluminij-gradjenje.hr\/index.php\/shop\/"},{"@type":"ListItem","position":3,"name":"WINKHAUS brava s tri klju\u010da \u2013 sigurnost i pouzdanost"}]},{"@type":"WebSite","@id":"https:\/\/aluminij-gradjenje.hr\/#website","url":"https:\/\/aluminij-gradjenje.hr\/","name":"Aluminij gra\u0111enje","description":"","potentialAction":[{"@type":"SearchAction","target":{"@type":"EntryPoint","urlTemplate":"https:\/\/aluminij-gradjenje.hr\/?s={search_term_string}"},"query-input":{"@type":"PropertyValueSpecification","valueRequired":true,"valueName":"search_term_string"}}],"inLanguage":"hr"}]}},"_links":{"self":[{"href":"https:\/\/aluminij-gradjenje.hr\/index.php\/wp-json\/wp\/v2\/product\/145","targetHints":{"allow":["GET"]}}],"collection":[{"href":"https:\/\/aluminij-gradjenje.hr\/index.php\/wp-json\/wp\/v2\/product"}],"about":[{"href":"https:\/\/aluminij-gradjenje.hr\/index.php\/wp-json\/wp\/v2\/types\/product"}],"wp:featuredmedia":[{"embeddable":true,"href":"https:\/\/aluminij-gradjenje.hr\/index.php\/wp-json\/wp\/v2\/media\/289"}],"wp:attachment":[{"href":"https:\/\/aluminij-gradjenje.hr\/index.php\/wp-json\/wp\/v2\/media?parent=145"}],"wp:term":[{"taxonomy":"product_brand","embeddable":true,"href":"https:\/\/aluminij-gradjenje.hr\/index.php\/wp-json\/wp\/v2\/product_brand?post=145"},{"taxonomy":"product_cat","embeddable":true,"href":"https:\/\/aluminij-gradjenje.hr\/index.php\/wp-json\/wp\/v2\/product_cat?post=145"},{"taxonomy":"product_tag","embeddable":true,"href":"https:\/\/aluminij-gradjenje.hr\/index.php\/wp-json\/wp\/v2\/product_tag?post=145"}],"curies":[{"name":"wp","href":"https:\/\/api.w.org\/{rel}","templated":true}]}}